{"id":36929,"date":"2019-06-15T14:01:21","date_gmt":"2019-06-15T14:01:21","guid":{"rendered":"https:\/\/dierennood.nl\/store\/?post_type=product&#038;p=36929"},"modified":"2024-04-06T06:30:54","modified_gmt":"2024-04-06T06:30:54","slug":"kattenmatje-lapjeskat-kitten-m","status":"publish","type":"product","link":"https:\/\/dierennood.nl\/store\/product\/kattenmatje-lapjeskat-kitten-m\/","title":{"rendered":"Kattenmatje lapjeskat\/kitten M"},"content":{"rendered":"<p style=\"background: white; vertical-align: baseline; padding-left: 10px\"><span style=\"font-size: 10.0pt; font-family: 'Arial','sans-serif'; color: #444444;\">Supermooi en lief gehaakt kattenmatje van repen katoen in de kleuren van een lapjeskat\/kitten met ronde groene oogjes.<br \/>\nDe binnenkant van de oortjes en het neusje zijn van organzastof.<br \/>\nAfmetingen: 45\u00d744 cm (excl. oortjes).<br \/>\nVoor katjes en poezen die liever ergens \u00f3p liggen dan ergens \u00edn.<br \/>\nMet de losse gekleurde (zwart, bordeaux, ecru en groen) snorhaartjes kan nog leuk gespeeld worden!<\/span><\/p>\n","protected":false},"excerpt":{"rendered":"<p>Supermooi en lief gehaakt kattenmatje van repen katoen in de kleuren van een lapjeskat\/kitten met ronde groene oogjes. De binnenkant van de oortjes en het neusje zijn van organzastof. Afmetingen: 45\u00d744 cm (excl. oortjes). Voor katjes en poezen die liever ergens \u00f3p liggen dan ergens \u00edn. Met de losse gekleurde (zwart, bordeaux, ecru en groen) [&hellip;]<\/p>\n","protected":false},"featured_media":36930,"template":"","meta":[],"product_brand":[],"product_cat":[21,30],"product_tag":[],"class_list":{"0":"post-36929","1":"product","2":"type-product","3":"status-publish","4":"has-post-thumbnail","6":"product_cat-honden-en-katten-artikelen","7":"product_cat-matjes-kleden-en-zakken","8":"product_shipping_class-honden-katten-items","9":"post","10":"post-with-thumbnail","11":"post-with-thumbnail-large","13":"first","14":"outofstock","15":"sale","16":"shipping-taxable","17":"purchasable","18":"product-type-simple"},"_links":{"self":[{"href":"https:\/\/dierennood.nl\/store\/wp-json\/wp\/v2\/product\/36929","targetHints":{"allow":["GET"]}}],"collection":[{"href":"https:\/\/dierennood.nl\/store\/wp-json\/wp\/v2\/product"}],"about":[{"href":"https:\/\/dierennood.nl\/store\/wp-json\/wp\/v2\/types\/product"}],"wp:featuredmedia":[{"embeddable":true,"href":"https:\/\/dierennood.nl\/store\/wp-json\/wp\/v2\/media\/36930"}],"wp:attachment":[{"href":"https:\/\/dierennood.nl\/store\/wp-json\/wp\/v2\/media?parent=36929"}],"wp:term":[{"taxonomy":"product_brand","embeddable":true,"href":"https:\/\/dierennood.nl\/store\/wp-json\/wp\/v2\/product_brand?post=36929"},{"taxonomy":"product_cat","embeddable":true,"href":"https:\/\/dierennood.nl\/store\/wp-json\/wp\/v2\/product_cat?post=36929"},{"taxonomy":"product_tag","embeddable":true,"href":"https:\/\/dierennood.nl\/store\/wp-json\/wp\/v2\/product_tag?post=36929"}],"curies":[{"name":"wp","href":"https:\/\/api.w.org\/{rel}","templated":true}]}}