{"id":41335,"date":"2019-11-06T18:23:13","date_gmt":"2019-11-06T18:23:13","guid":{"rendered":"https:\/\/dierennood.nl\/store\/?post_type=product&#038;p=41335"},"modified":"2024-04-17T12:56:42","modified_gmt":"2024-04-17T12:56:42","slug":"kkattenmatje-zwart-wit-rood-xl","status":"publish","type":"product","link":"https:\/\/dierennood.nl\/store\/product\/kkattenmatje-zwart-wit-rood-xl\/","title":{"rendered":"Kattenmatje zwart-wit\/rood XL"},"content":{"rendered":"<p style=\"background: white; vertical-align: baseline;\"><span style=\"font-family: 'Arial','sans-serif'; color: #444444;\">Supermooi en lief gehaakt kattenmatje van repen katoen in de kleuren zwart\/wit\/bruinrood\/groen\/grijs met grote groene oogjes.<br \/>\nAfmetingen: 56\u00d752 cm (excl. oortjes).<br \/>\nVoor katjes en poezen die liever ergens \u00f3p liggen dan ergens \u00edn.<br \/>\nMet de losse gekleurde (zwart, wit, rood, grijs en groen) snorhaartjes kan nog leuk gespeeld worden!<\/span><\/p>\n","protected":false},"excerpt":{"rendered":"<p>Supermooi en lief gehaakt kattenmatje van repen katoen in de kleuren zwart\/wit\/bruinrood\/groen\/grijs met grote groene oogjes. Afmetingen: 56\u00d752 cm (excl. oortjes). Voor katjes en poezen die liever ergens \u00f3p liggen dan ergens \u00edn. Met de losse gekleurde (zwart, wit, rood, grijs en groen) snorhaartjes kan nog leuk gespeeld worden!<\/p>\n","protected":false},"featured_media":41336,"template":"","meta":[],"product_brand":[],"product_cat":[21,30],"product_tag":[],"class_list":{"0":"post-41335","1":"product","2":"type-product","3":"status-publish","4":"has-post-thumbnail","6":"product_cat-honden-en-katten-artikelen","7":"product_cat-matjes-kleden-en-zakken","8":"product_shipping_class-honden-katten-items","9":"post","10":"post-with-thumbnail","11":"post-with-thumbnail-large","13":"first","14":"instock","15":"shipping-taxable","16":"purchasable","17":"product-type-simple"},"_links":{"self":[{"href":"https:\/\/dierennood.nl\/store\/wp-json\/wp\/v2\/product\/41335","targetHints":{"allow":["GET"]}}],"collection":[{"href":"https:\/\/dierennood.nl\/store\/wp-json\/wp\/v2\/product"}],"about":[{"href":"https:\/\/dierennood.nl\/store\/wp-json\/wp\/v2\/types\/product"}],"wp:featuredmedia":[{"embeddable":true,"href":"https:\/\/dierennood.nl\/store\/wp-json\/wp\/v2\/media\/41336"}],"wp:attachment":[{"href":"https:\/\/dierennood.nl\/store\/wp-json\/wp\/v2\/media?parent=41335"}],"wp:term":[{"taxonomy":"product_brand","embeddable":true,"href":"https:\/\/dierennood.nl\/store\/wp-json\/wp\/v2\/product_brand?post=41335"},{"taxonomy":"product_cat","embeddable":true,"href":"https:\/\/dierennood.nl\/store\/wp-json\/wp\/v2\/product_cat?post=41335"},{"taxonomy":"product_tag","embeddable":true,"href":"https:\/\/dierennood.nl\/store\/wp-json\/wp\/v2\/product_tag?post=41335"}],"curies":[{"name":"wp","href":"https:\/\/api.w.org\/{rel}","templated":true}]}}