{"id":52205,"date":"2024-12-09T13:10:58","date_gmt":"2024-12-09T13:10:58","guid":{"rendered":"https:\/\/dierennood.nl\/store\/?post_type=product&#038;p=52205"},"modified":"2025-12-04T22:29:32","modified_gmt":"2025-12-04T22:29:32","slug":"puzzelbal-3d-puzzel-paarden","status":"publish","type":"product","link":"https:\/\/dierennood.nl\/store\/product\/puzzelbal-3d-puzzel-paarden\/","title":{"rendered":"Puzzelbal 3D puzzel paarden (269 stukjes)"},"content":{"rendered":"<p><span style=\"color: #111111;\"><span style=\"font-family: Open Sans, Arial;\"><span style=\"font-size: small;\"><span lang=\"nl-NL\">Lekker ouderwets puzzelen. Leuk! Of vind je ze te makkelijk en je zoekt liever iets\u00a0<\/span><\/span><\/span><\/span><em><span style=\"color: #111111;\"><span style=\"font-family: Open Sans, Arial;\"><span style=\"font-size: small;\"><span lang=\"nl-NL\">met ballen?<\/span><\/span><\/span><\/span><\/em><span style=\"color: #111111;\"><span style=\"font-family: Open Sans, Arial;\"><span style=\"font-size: small;\"><span lang=\"nl-NL\"> Prima, dat kunnen we regelen. Althans, \u00e9\u00e9n bal. Want deze doos bevat er slechts \u00e9\u00e9n. Of beter gezegd: \u00e9\u00e9n puzzelbal. Vast en zeker een aangename afwisseling voor iedereen die platte puzzels gewend is. Alle kunststof puzzelstukjes zijn gebogen en vormen &#8211; zonder tussenkomst van lijm &#8211; een stevige bal. Het begin is misschien wat moeilijk. Maar voordat je er erg in hebt, begint het balletje te rollen en heb je al snel deze puzzelbal compleet.<br \/>\nZgan \u2013 alleen ontbreekt er 1 stukje \u2013 helemaal aan de bovenkant. Maar dat komt juist in dit geval goed uit \u2013 want dan kan de bal ook perfect opgehangen worden omdat er een benodigd openingetje in zit wat met de hangconstructie weer helemaal niet te zien is. <\/span><\/span><\/span><\/span><\/p>\n<p class=\"western\"><span style=\"color: #111111;\"><span style=\"font-family: Open Sans, Arial;\"><span style=\"font-size: small;\">Met 269 Ravensburger puzzelstukjes en 1 voetstuk \/ houder en ophangmogelijkheid.<\/span><\/span><\/span><\/p>\n<p><span style=\"color: #111111;\"><span style=\"font-family: Open Sans, Arial;\"><span style=\"font-size: small;\">Nieuwwaarde 29,95<\/span><\/span><\/span><\/p>\n","protected":false},"excerpt":{"rendered":"<p>Lekker ouderwets puzzelen. Leuk! Of vind je ze te makkelijk en je zoekt liever iets\u00a0met ballen? Prima, dat kunnen we regelen. Althans, \u00e9\u00e9n bal. Want deze doos bevat er slechts \u00e9\u00e9n. Of beter gezegd: \u00e9\u00e9n puzzelbal. Vast en zeker een aangename afwisseling voor iedereen die platte puzzels gewend is. Alle kunststof puzzelstukjes zijn gebogen en [&hellip;]<\/p>\n","protected":false},"featured_media":52212,"template":"","meta":[],"product_brand":[],"product_cat":[21,28],"product_tag":[],"class_list":{"0":"post-52205","1":"product","2":"type-product","3":"status-publish","4":"has-post-thumbnail","6":"product_cat-honden-en-katten-artikelen","7":"product_cat-overige-artikelen-mensen","8":"product_shipping_class-honden-katten-items","9":"post","10":"post-with-thumbnail","11":"post-with-thumbnail-large","13":"first","14":"instock","15":"sale","16":"shipping-taxable","17":"purchasable","18":"product-type-simple"},"_links":{"self":[{"href":"https:\/\/dierennood.nl\/store\/wp-json\/wp\/v2\/product\/52205","targetHints":{"allow":["GET"]}}],"collection":[{"href":"https:\/\/dierennood.nl\/store\/wp-json\/wp\/v2\/product"}],"about":[{"href":"https:\/\/dierennood.nl\/store\/wp-json\/wp\/v2\/types\/product"}],"wp:featuredmedia":[{"embeddable":true,"href":"https:\/\/dierennood.nl\/store\/wp-json\/wp\/v2\/media\/52212"}],"wp:attachment":[{"href":"https:\/\/dierennood.nl\/store\/wp-json\/wp\/v2\/media?parent=52205"}],"wp:term":[{"taxonomy":"product_brand","embeddable":true,"href":"https:\/\/dierennood.nl\/store\/wp-json\/wp\/v2\/product_brand?post=52205"},{"taxonomy":"product_cat","embeddable":true,"href":"https:\/\/dierennood.nl\/store\/wp-json\/wp\/v2\/product_cat?post=52205"},{"taxonomy":"product_tag","embeddable":true,"href":"https:\/\/dierennood.nl\/store\/wp-json\/wp\/v2\/product_tag?post=52205"}],"curies":[{"name":"wp","href":"https:\/\/api.w.org\/{rel}","templated":true}]}}